{"id":31,"date":"2021-11-10T15:44:47","date_gmt":"2021-11-10T14:44:47","guid":{"rendered":"http:\/\/dlm-conseil.fr\/?page_id=31"},"modified":"2024-03-15T13:44:57","modified_gmt":"2024-03-15T12:44:57","slug":"quest-ce-que-lanalyse-de-la-personnalite-professionnelle","status":"publish","type":"page","link":"https:\/\/dlm-conseil.fr\/?page_id=31","title":{"rendered":"M\u00e9thode"},"content":{"rendered":"\t\t<div data-elementor-type=\"wp-page\" data-elementor-id=\"31\" class=\"elementor elementor-31\">\n\t\t\t\t<div class=\"elementor-element elementor-element-533606da e-flex e-con-boxed e-con e-parent\" data-id=\"533606da\" data-element_type=\"container\" data-core-v316-plus=\"true\">\n\t\t\t\t\t<div class=\"e-con-inner\">\n\t\t\t\t<div class=\"elementor-element elementor-element-6b6633b8 elementor-widget elementor-widget-text-editor\" data-id=\"6b6633b8\" data-element_type=\"widget\" data-widget_type=\"text-editor.default\">\n\t\t\t\t<div class=\"elementor-widget-container\">\n\t\t\t<style>\/*! elementor - v3.20.0 - 13-03-2024 *\/\n.elementor-widget-text-editor.elementor-drop-cap-view-stacked .elementor-drop-cap{background-color:#69727d;color:#fff}.elementor-widget-text-editor.elementor-drop-cap-view-framed .elementor-drop-cap{color:#69727d;border:3px solid;background-color:transparent}.elementor-widget-text-editor:not(.elementor-drop-cap-view-default) .elementor-drop-cap{margin-top:8px}.elementor-widget-text-editor:not(.elementor-drop-cap-view-default) .elementor-drop-cap-letter{width:1em;height:1em}.elementor-widget-text-editor .elementor-drop-cap{float:left;text-align:center;line-height:1;font-size:50px}.elementor-widget-text-editor .elementor-drop-cap-letter{display:inline-block}<\/style>\t\t\t\t<!-- wp:paragraph -->\n<p>Qu&rsquo;est-ce que l<span class=\"has-inline-color\" style=\"color: #ce1b28;\">&lsquo;<strong>Analyse de la Personnalit\u00e9 Professionnelle<\/strong><\/span> (A2P) ?<\/p>\n<!-- \/wp:paragraph --><!-- wp:paragraph -->\n<p>L\u2019A2P est bas\u00e9e sur l\u2019observation des comportements humains, elle permet de discerner les <strong><span class=\"has-inline-color\" style=\"color: #ce1b28;\">talents inn\u00e9s<\/span> <\/strong>qui fondent la personnalit\u00e9 et qui sont g\u00e9n\u00e9r\u00e9s par 4 pulsions ou \u00e9nergies fondamentales qui agissent en proportion variable chez tout individu immerg\u00e9 dans un contexte socio-professionnel.<\/p>\n<!-- \/wp:paragraph --><!-- wp:paragraph -->\n<p>Le point d\u2019\u00e9quilibre de ces forces est identifiable et repr\u00e9sentable graphiquement et d\u00e9termine votre personnalit\u00e9 professionnelle.<\/p>\n<!-- \/wp:paragraph --><!-- wp:paragraph -->\n<p><span class=\"has-inline-color\" style=\"color: #ce1b28;\"><strong>L\u2019Indicateur Typologique de la Personnalit\u00e9 Professionnelle<\/strong><\/span> :\u00a0<strong>IT2P<\/strong>, mesure, pour chaque individu, l\u2019intensit\u00e9 de chacune de ces quatre \u00e9nergies fonctionnelles gr\u00e2ce \u00e0 un questionnaire test. Il identifie le point d\u2019\u00e9quilibre de ces forces et le repr\u00e9sente graphiquement autour des quatre demi-axes.<\/p>\n<!-- \/wp:paragraph --><!-- wp:image {\"align\":\"center\",\"id\":181,\"width\":317,\"height\":328,\"sizeSlug\":\"large\",\"linkDestination\":\"none\"} -->\n<div class=\"wp-block-image\">\u00a0<\/div>\n<!-- \/wp:image -->\t\t\t\t\t\t<\/div>\n\t\t\t\t<\/div>\n\t\t\t\t\t<\/div>\n\t\t\t\t<\/div>\n\t\t<div class=\"elementor-element elementor-element-669da3a e-flex e-con-boxed e-con e-parent\" data-id=\"669da3a\" data-element_type=\"container\" data-core-v316-plus=\"true\">\n\t\t\t\t\t<div class=\"e-con-inner\">\n\t\t\t\t<div class=\"elementor-element elementor-element-050e18a elementor-widget elementor-widget-image\" data-id=\"050e18a\" data-element_type=\"widget\" data-widget_type=\"image.default\">\n\t\t\t\t<div class=\"elementor-widget-container\">\n\t\t\t<style>\/*! elementor - v3.20.0 - 13-03-2024 *\/\n.elementor-widget-image{text-align:center}.elementor-widget-image a{display:inline-block}.elementor-widget-image a img[src$=\".svg\"]{width:48px}.elementor-widget-image img{vertical-align:middle;display:inline-block}<\/style>\t\t\t\t\t\t\t\t\t\t<img fetchpriority=\"high\" decoding=\"async\" width=\"1024\" height=\"714\" src=\"https:\/\/dlm-conseil.fr\/wp-content\/uploads\/2024\/03\/roue-ite-1024x714.jpg\" class=\"attachment-large size-large wp-image-520\" alt=\"\" srcset=\"https:\/\/dlm-conseil.fr\/wp-content\/uploads\/2024\/03\/roue-ite-1024x714.jpg 1024w, https:\/\/dlm-conseil.fr\/wp-content\/uploads\/2024\/03\/roue-ite-300x209.jpg 300w, https:\/\/dlm-conseil.fr\/wp-content\/uploads\/2024\/03\/roue-ite-768x535.jpg 768w, https:\/\/dlm-conseil.fr\/wp-content\/uploads\/2024\/03\/roue-ite.jpg 1036w\" sizes=\"(max-width: 1024px) 100vw, 1024px\" \/>\t\t\t\t\t\t\t\t\t\t\t\t\t<\/div>\n\t\t\t\t<\/div>\n\t\t\t\t\t<\/div>\n\t\t\t\t<\/div>\n\t\t\t\t<\/div>\n\t\t","protected":false},"excerpt":{"rendered":"<p>Qu&rsquo;est-ce que l&rsquo;Analyse de la Personnalit\u00e9 Professionnelle (A2P) ? L\u2019A2P est bas\u00e9e sur l\u2019observation des comportements humains, elle permet de discerner les talents inn\u00e9s qui fondent la personnalit\u00e9 et qui sont g\u00e9n\u00e9r\u00e9s par 4 pulsions ou \u00e9nergies fondamentales qui agissent en proportion variable chez tout individu immerg\u00e9 dans un contexte socio-professionnel. Le point d\u2019\u00e9quilibre de &hellip;<\/p>\n<p class=\"read-more\"> <a class=\"\" href=\"https:\/\/dlm-conseil.fr\/?page_id=31\"> <span class=\"screen-reader-text\">M\u00e9thode<\/span> Lire la suite\u00a0\u00bb<\/a><\/p>\n","protected":false},"author":1,"featured_media":0,"parent":0,"menu_order":1,"comment_status":"closed","ping_status":"closed","template":"","meta":{"site-sidebar-layout":"default","site-content-layout":"","ast-site-content-layout":"","site-content-style":"default","site-sidebar-style":"default","ast-global-header-display":"","ast-banner-title-visibility":"","ast-main-header-display":"","ast-hfb-above-header-display":"","ast-hfb-below-header-display":"","ast-hfb-mobile-header-display":"","site-post-title":"","ast-breadcrumbs-content":"","ast-featured-img":"","footer-sml-layout":"","theme-transparent-header-meta":"","adv-header-id-meta":"","stick-header-meta":"","header-above-stick-meta":"","header-main-stick-meta":"","header-below-stick-meta":"","astra-migrate-meta-layouts":"","ast-page-background-enabled":"default","ast-page-background-meta":{"desktop":{"background-color":"var(--ast-global-color-4)","background-image":"","background-repeat":"repeat","background-position":"center center","background-size":"auto","background-attachment":"scroll","background-type":"","background-media":"","overlay-type":"","overlay-color":"","overlay-gradient":""},"tablet":{"background-color":"","background-image":"","background-repeat":"repeat","background-position":"center center","background-size":"auto","background-attachment":"scroll","background-type":"","background-media":"","overlay-type":"","overlay-color":"","overlay-gradient":""},"mobile":{"background-color":"","background-image":"","background-repeat":"repeat","background-position":"center center","background-size":"auto","background-attachment":"scroll","background-type":"","background-media":"","overlay-type":"","overlay-color":"","overlay-gradient":""}},"ast-content-background-meta":{"desktop":{"background-color":"var(--ast-global-color-5)","background-image":"","background-repeat":"repeat","background-position":"center center","background-size":"auto","background-attachment":"scroll","background-type":"","background-media":"","overlay-type":"","overlay-color":"","overlay-gradient":""},"tablet":{"background-color":"var(--ast-global-color-5)","background-image":"","background-repeat":"repeat","background-position":"center center","background-size":"auto","background-attachment":"scroll","background-type":"","background-media":"","overlay-type":"","overlay-color":"","overlay-gradient":""},"mobile":{"background-color":"var(--ast-global-color-5)","background-image":"","background-repeat":"repeat","background-position":"center center","background-size":"auto","background-attachment":"scroll","background-type":"","background-media":"","overlay-type":"","overlay-color":"","overlay-gradient":""}},"footnotes":""},"_links":{"self":[{"href":"https:\/\/dlm-conseil.fr\/index.php?rest_route=\/wp\/v2\/pages\/31"}],"collection":[{"href":"https:\/\/dlm-conseil.fr\/index.php?rest_route=\/wp\/v2\/pages"}],"about":[{"href":"https:\/\/dlm-conseil.fr\/index.php?rest_route=\/wp\/v2\/types\/page"}],"author":[{"embeddable":true,"href":"https:\/\/dlm-conseil.fr\/index.php?rest_route=\/wp\/v2\/users\/1"}],"replies":[{"embeddable":true,"href":"https:\/\/dlm-conseil.fr\/index.php?rest_route=%2Fwp%2Fv2%2Fcomments&post=31"}],"version-history":[{"count":23,"href":"https:\/\/dlm-conseil.fr\/index.php?rest_route=\/wp\/v2\/pages\/31\/revisions"}],"predecessor-version":[{"id":524,"href":"https:\/\/dlm-conseil.fr\/index.php?rest_route=\/wp\/v2\/pages\/31\/revisions\/524"}],"wp:attachment":[{"href":"https:\/\/dlm-conseil.fr\/index.php?rest_route=%2Fwp%2Fv2%2Fmedia&parent=31"}],"curies":[{"name":"wp","href":"https:\/\/api.w.org\/{rel}","templated":true}]}}